{"id":639,"date":"2023-08-30T14:26:45","date_gmt":"2023-08-30T14:26:45","guid":{"rendered":"http:\/\/dentalmontreal.com\/cerec\/"},"modified":"2023-11-13T12:48:13","modified_gmt":"2023-11-13T12:48:13","slug":"cerec","status":"publish","type":"page","link":"https:\/\/dentalmontreal.com\/en\/cerec\/","title":{"rendered":"CEREC\u00a9"},"content":{"rendered":"\t\t<div data-elementor-type=\"wp-page\" data-elementor-id=\"639\" class=\"elementor elementor-639 elementor-590\" data-elementor-post-type=\"page\">\n\t\t\t\t\t\t\t\t\t<section class=\"elementor-section elementor-top-section elementor-element elementor-element-f7c44f3 elementor-section-boxed elementor-section-height-default elementor-section-height-default\" data-id=\"f7c44f3\" data-element_type=\"section\" data-settings=\"{&quot;background_background&quot;:&quot;gradient&quot;}\">\n\t\t\t\t\t\t\t<div class=\"elementor-background-overlay\"><\/div>\n\t\t\t\t\t\t\t<div class=\"elementor-container elementor-column-gap-default\">\n\t\t\t\t\t<div class=\"elementor-column elementor-col-100 elementor-top-column elementor-element elementor-element-13fc1805\" data-id=\"13fc1805\" data-element_type=\"column\">\n\t\t\t<div class=\"elementor-widget-wrap elementor-element-populated\">\n\t\t\t\t\t\t\t\t<div class=\"elementor-element elementor-element-2b9dbc79 elementor-widget__width-auto elementor-widget elementor-widget-heading\" data-id=\"2b9dbc79\" data-element_type=\"widget\" data-widget_type=\"heading.default\">\n\t\t\t\t<div class=\"elementor-widget-container\">\n\t\t\t<style>\/*! elementor - v3.14.0 - 26-06-2023 *\/\n.elementor-heading-title{padding:0;margin:0;line-height:1}.elementor-widget-heading .elementor-heading-title[class*=elementor-size-]>a{color:inherit;font-size:inherit;line-height:inherit}.elementor-widget-heading .elementor-heading-title.elementor-size-small{font-size:15px}.elementor-widget-heading .elementor-heading-title.elementor-size-medium{font-size:19px}.elementor-widget-heading .elementor-heading-title.elementor-size-large{font-size:29px}.elementor-widget-heading .elementor-heading-title.elementor-size-xl{font-size:39px}.elementor-widget-heading .elementor-heading-title.elementor-size-xxl{font-size:59px}<\/style><h6 class=\"elementor-heading-title elementor-size-default\">Technologies\n<\/h6>\t\t<\/div>\n\t\t\t\t<\/div>\n\t\t\t\t<div class=\"elementor-element elementor-element-6d003c27 elementor-widget__width-initial elementor-widget elementor-widget-heading\" data-id=\"6d003c27\" data-element_type=\"widget\" data-widget_type=\"heading.default\">\n\t\t\t\t<div class=\"elementor-widget-container\">\n\t\t\t<h1 class=\"elementor-heading-title elementor-size-default\">CEREC\u00a9\n<\/h1>\t\t<\/div>\n\t\t\t\t<\/div>\n\t\t\t\t<div class=\"elementor-element elementor-element-63387d2 elementor-widget elementor-widget-text-editor\" data-id=\"63387d2\" data-element_type=\"widget\" data-widget_type=\"text-editor.default\">\n\t\t\t\t<div class=\"elementor-widget-container\">\n\t\t\t<style>\/*! elementor - v3.14.0 - 26-06-2023 *\/\n.elementor-widget-text-editor.elementor-drop-cap-view-stacked .elementor-drop-cap{background-color:#69727d;color:#fff}.elementor-widget-text-editor.elementor-drop-cap-view-framed .elementor-drop-cap{color:#69727d;border:3px solid;background-color:transparent}.elementor-widget-text-editor:not(.elementor-drop-cap-view-default) .elementor-drop-cap{margin-top:8px}.elementor-widget-text-editor:not(.elementor-drop-cap-view-default) .elementor-drop-cap-letter{width:1em;height:1em}.elementor-widget-text-editor .elementor-drop-cap{float:left;text-align:center;line-height:1;font-size:50px}.elementor-widget-text-editor .elementor-drop-cap-letter{display:inline-block}<\/style>\t\t\t\t\t\t\t\t\t\t<\/div>\n\t\t\t\t<\/div>\n\t\t\t\t\t<\/div>\n\t\t<\/div>\n\t\t\t\t\t\t\t<\/div>\n\t\t<\/section>\n\t\t\t\t<section class=\"elementor-section elementor-top-section elementor-element elementor-element-6d3b12aa elementor-section-boxed elementor-section-height-default elementor-section-height-default\" data-id=\"6d3b12aa\" data-element_type=\"section\" data-settings=\"{&quot;background_background&quot;:&quot;classic&quot;}\">\n\t\t\t\t\t\t\t<div class=\"elementor-background-overlay\"><\/div>\n\t\t\t\t\t\t\t<div class=\"elementor-container elementor-column-gap-default\">\n\t\t\t\t\t<div class=\"elementor-column elementor-col-50 elementor-top-column elementor-element elementor-element-4349f0b5\" data-id=\"4349f0b5\" data-element_type=\"column\">\n\t\t\t<div class=\"elementor-widget-wrap elementor-element-populated\">\n\t\t\t\t\t\t\t\t<div class=\"elementor-element elementor-element-1861347b elementor-widget elementor-widget-heading\" data-id=\"1861347b\" data-element_type=\"widget\" data-widget_type=\"heading.default\">\n\t\t\t\t<div class=\"elementor-widget-container\">\n\t\t\t<h3 class=\"elementor-heading-title elementor-size-default\">CEREC\u00a9<\/h3>\t\t<\/div>\n\t\t\t\t<\/div>\n\t\t\t\t<div class=\"elementor-element elementor-element-5a2fcc98 elementor-widget elementor-widget-text-editor\" data-id=\"5a2fcc98\" data-element_type=\"widget\" data-widget_type=\"text-editor.default\">\n\t\t\t\t<div class=\"elementor-widget-container\">\n\t\t\t\t\t\t\t<p>CEREC\u00a9 par Sirona Dental Systems est le seul syst\u00e8me au monde pour la fabrication de toutes les restaurations dentaires en c\u00e9ramique en une seule visite au cabinet. Avec CEREC\u00a9 \u00e0 nos c\u00f4t\u00e9s, vous pouvez entrer et ressortir en une seule visite avec une couronne permanente, tout en c\u00e9ramique, une proth\u00e8se extrins\u00e8que ou une facette! Pour vous, le patient, cela signifie moins d&#8217;injections, moins de perforations, et moins de temps de votre horaire charg\u00e9 pour les soins dentaires. Alors, pourquoi est-ce que des milliers de personnes dans le monde choisissent les techniques de restauration de CEREC\u00a9 pour leurs probl\u00e8mes dentaires?<br \/><br \/>Soins dentaires en un seul rendez-vous<br \/><br \/>La plupart des m\u00e9thodes de restauration dentaire n\u00e9cessitent plus d&#8217;une visite chez le dentiste. Cela signifie que lors de la premi\u00e8re visite, une injection de l&#8217;anesth\u00e9sie vous est administr\u00e9e, votre dent est pr\u00e9par\u00e9e, une empreinte est prise et une restauration temporaire est mise en place sur votre dent. Vous prenez un deuxi\u00e8me rendez-vous pour quelques semaines plus tard, vous prenez une autre injection et une restauration permanente est mise en place. Pourquoi aller chez le dentiste une deuxi\u00e8me fois lorsque vous n&#8217;avez pas \u00e0 le faire ? Avec CEREC\u00a9, la proc\u00e9dure se fait en un seul rendez-vous, du d\u00e9but \u00e0 la fin.<br \/><br \/>Les meilleurs mat\u00e9riaux dentaires<br \/><br \/>Une restauration dentaire de CEREC\u00a9 n&#8217;est pas seulement pratique, elle est \u00e9galement saine. Il y a plusieurs ann\u00e9es, les dentistes avaient peu d&#8217;options pour r\u00e9parer les dents cari\u00e9es et endommag\u00e9es en dehors de l&#8217;amalgame, de l&#8217;or et d&#8217;autres m\u00e9taux. Avec CEREC\u00a9, votre dentiste peut utiliser des mat\u00e9riaux dentaires en c\u00e9ramique color\u00e9s pour redonner \u00e0 vos dents, leur force, leur beaut\u00e9 et leur fonction naturelles. Ces mat\u00e9riaux sont tr\u00e8s proches de la composition de la structure de la dent naturelle. Cela signifie que lorsque vous mangez des aliments chauds et que vous buvez quelque chose de froid, la restauration et la dent se dilatent et se contractent \u00e0 des niveaux presque identiques. Ainsi, votre dent ne se fissure pas et vous pouvez continuer \u00e0 profiter de votre soir\u00e9e. En outre, les mat\u00e9riaux sont chimiquement coll\u00e9s \u00e0 votre dent, de sorte que votre dentiste puisse sauver autant que possible le tissu dentaire sain tout en vous offrant une restauration dentaire qui renforce votre dent.<br \/><br \/>Am\u00e9lioration du sourire<br \/><br \/>Votre dentiste peut utiliser CEREC\u00a9 pour plus que les couronnes et les obturations. CEREC\u00a9 est en mesure de produire la restauration de chaque dent. Les dents de devant \u00e9br\u00e9ch\u00e9es ou d\u00e9color\u00e9es peuvent \u00eatre r\u00e9par\u00e9es avec de belles couronnes ant\u00e9rieures en porcelaine ou des facettes de CEREC\u00a9. Votre sourire laisse une premi\u00e8re impression inoubliable. Am\u00e9liorez-le avec CEREC.<br \/><br \/>Partout dans le monde, une restauration de CEREC\u00a9 est mise en place toutes les 20 secondes. Avec une histoire qui date de 20 ans \u00e0 peu pr\u00e8s, cet \u00e9quipement a permis aux dentistes de placer plus de 6 millions de restaurations. Utilisant des mat\u00e9riaux sans m\u00e9tal qui sont plus proches de votre \u00e9mail naturel, CEREC\u00a9 vous offre des soins de restauration de plus haute qualit\u00e9. Demandez des soins de restauration de CEREC\u00a9 \u00e0 nos sp\u00e9cialistes aujourd&#8217;hui en une seule visite!<\/p>\t\t\t\t\t\t<\/div>\n\t\t\t\t<\/div>\n\t\t\t\t<section class=\"elementor-section elementor-inner-section elementor-element elementor-element-12eaa2d elementor-section-boxed elementor-section-height-default elementor-section-height-default\" data-id=\"12eaa2d\" data-element_type=\"section\">\n\t\t\t\t\t\t<div class=\"elementor-container elementor-column-gap-default\">\n\t\t\t\t\t<div class=\"elementor-column elementor-col-100 elementor-inner-column elementor-element elementor-element-c6c4a81\" data-id=\"c6c4a81\" data-element_type=\"column\">\n\t\t\t<div class=\"elementor-widget-wrap\">\n\t\t\t\t\t\t\t\t\t<\/div>\n\t\t<\/div>\n\t\t\t\t\t\t\t<\/div>\n\t\t<\/section>\n\t\t\t\t\t<\/div>\n\t\t<\/div>\n\t\t\t\t<div class=\"elementor-column elementor-col-50 elementor-top-column elementor-element elementor-element-461dc3b\" data-id=\"461dc3b\" data-element_type=\"column\">\n\t\t\t<div class=\"elementor-widget-wrap elementor-element-populated\">\n\t\t\t\t\t\t\t\t<section class=\"elementor-section elementor-inner-section elementor-element elementor-element-1fd3c1e0 elementor-section-boxed elementor-section-height-default elementor-section-height-default\" data-id=\"1fd3c1e0\" data-element_type=\"section\" data-settings=\"{&quot;background_background&quot;:&quot;classic&quot;}\">\n\t\t\t\t\t\t<div class=\"elementor-container elementor-column-gap-default\">\n\t\t\t\t\t<div class=\"elementor-column elementor-col-100 elementor-inner-column elementor-element elementor-element-29f6da80\" data-id=\"29f6da80\" data-element_type=\"column\">\n\t\t\t<div class=\"elementor-widget-wrap elementor-element-populated\">\n\t\t\t\t\t\t\t\t<div class=\"elementor-element elementor-element-2628e4e9 elementor-widget elementor-widget-heading\" data-id=\"2628e4e9\" data-element_type=\"widget\" data-widget_type=\"heading.default\">\n\t\t\t\t<div class=\"elementor-widget-container\">\n\t\t\t<h4 class=\"elementor-heading-title elementor-size-default\">Autres Services<\/h4>\t\t<\/div>\n\t\t\t\t<\/div>\n\t\t\t\t<div class=\"elementor-element elementor-element-38e1c9d7 elementor-widget elementor-widget-spacer\" data-id=\"38e1c9d7\" data-element_type=\"widget\" data-widget_type=\"spacer.default\">\n\t\t\t\t<div class=\"elementor-widget-container\">\n\t\t\t<style>\/*! elementor - v3.14.0 - 26-06-2023 *\/\n.elementor-column .elementor-spacer-inner{height:var(--spacer-size)}.e-con{--container-widget-width:100%}.e-con-inner>.elementor-widget-spacer,.e-con>.elementor-widget-spacer{width:var(--container-widget-width,var(--spacer-size));--align-self:var(--container-widget-align-self,initial);--flex-shrink:0}.e-con-inner>.elementor-widget-spacer>.elementor-widget-container,.e-con-inner>.elementor-widget-spacer>.elementor-widget-container>.elementor-spacer,.e-con>.elementor-widget-spacer>.elementor-widget-container,.e-con>.elementor-widget-spacer>.elementor-widget-container>.elementor-spacer{height:100%}.e-con-inner>.elementor-widget-spacer>.elementor-widget-container>.elementor-spacer>.elementor-spacer-inner,.e-con>.elementor-widget-spacer>.elementor-widget-container>.elementor-spacer>.elementor-spacer-inner{height:var(--container-widget-height,var(--spacer-size))}<\/style>\t\t<div class=\"elementor-spacer\">\n\t\t\t<div class=\"elementor-spacer-inner\"><\/div>\n\t\t<\/div>\n\t\t\t\t<\/div>\n\t\t\t\t<\/div>\n\t\t\t\t<div class=\"elementor-element elementor-element-2c1568c elementor-position-left elementor-tablet-position-top elementor-mobile-position-left elementor-widget-tablet__width-initial elementor-view-default elementor-vertical-align-top elementor-widget elementor-widget-icon-box\" data-id=\"2c1568c\" data-element_type=\"widget\" data-widget_type=\"icon-box.default\">\n\t\t\t\t<div class=\"elementor-widget-container\">\n\t\t\t<link rel=\"stylesheet\" href=\"https:\/\/dentalmontreal.com\/wp-content\/plugins\/elementor\/assets\/css\/widget-icon-box.min.css\">\t\t<div class=\"elementor-icon-box-wrapper\">\n\t\t\t\t\t\t<div class=\"elementor-icon-box-icon\">\n\t\t\t\t<a class=\"elementor-icon elementor-animation-\" href=\"\/blanchiment-des-dents\/\">\n\t\t\t\t<i aria-hidden=\"true\" class=\"fas fa-check-circle\"><\/i>\t\t\t\t<\/a>\n\t\t\t<\/div>\n\t\t\t\t\t\t<div class=\"elementor-icon-box-content\">\n\t\t\t\t<div class=\"elementor-icon-box-title\">\n\t\t\t\t\t<a href=\"\/blanchiment-des-dents\/\" >\n\t\t\t\t\t\tBlanchiment des dents\t\t\t\t\t<\/a>\n\t\t\t\t<\/div>\n\t\t\t\t\t\t\t<\/div>\n\t\t<\/div>\n\t\t\t\t<\/div>\n\t\t\t\t<\/div>\n\t\t\t\t<div class=\"elementor-element elementor-element-3acdb5a4 elementor-position-left elementor-tablet-position-top elementor-mobile-position-left elementor-widget-tablet__width-initial elementor-view-default elementor-vertical-align-top elementor-widget elementor-widget-icon-box\" data-id=\"3acdb5a4\" data-element_type=\"widget\" data-widget_type=\"icon-box.default\">\n\t\t\t\t<div class=\"elementor-widget-container\">\n\t\t\t\t\t<div class=\"elementor-icon-box-wrapper\">\n\t\t\t\t\t\t<div class=\"elementor-icon-box-icon\">\n\t\t\t\t<a class=\"elementor-icon elementor-animation-\" href=\"\/invisible-broches-invisibles-orthodontie\/\">\n\t\t\t\t<i aria-hidden=\"true\" class=\"fas fa-check-circle\"><\/i>\t\t\t\t<\/a>\n\t\t\t<\/div>\n\t\t\t\t\t\t<div class=\"elementor-icon-box-content\">\n\t\t\t\t<div class=\"elementor-icon-box-title\">\n\t\t\t\t\t<a href=\"\/invisible-broches-invisibles-orthodontie\/\" >\n\t\t\t\t\t\tAppareils orthodontiques invisibles\t\t\t\t\t<\/a>\n\t\t\t\t<\/div>\n\t\t\t\t\t\t\t<\/div>\n\t\t<\/div>\n\t\t\t\t<\/div>\n\t\t\t\t<\/div>\n\t\t\t\t<div class=\"elementor-element elementor-element-4ca5712b elementor-position-left elementor-tablet-position-top elementor-mobile-position-left elementor-widget-tablet__width-initial elementor-view-default elementor-vertical-align-top elementor-widget elementor-widget-icon-box\" data-id=\"4ca5712b\" data-element_type=\"widget\" data-widget_type=\"icon-box.default\">\n\t\t\t\t<div class=\"elementor-widget-container\">\n\t\t\t\t\t<div class=\"elementor-icon-box-wrapper\">\n\t\t\t\t\t\t<div class=\"elementor-icon-box-icon\">\n\t\t\t\t<a class=\"elementor-icon elementor-animation-\" href=\"\/Orthodontie-et-orthopedie\/\">\n\t\t\t\t<i aria-hidden=\"true\" class=\"fas fa-check-circle\"><\/i>\t\t\t\t<\/a>\n\t\t\t<\/div>\n\t\t\t\t\t\t<div class=\"elementor-icon-box-content\">\n\t\t\t\t<div class=\"elementor-icon-box-title\">\n\t\t\t\t\t<a href=\"\/Orthodontie-et-orthopedie\/\" >\n\t\t\t\t\t\tOrthodontie et orthop\u00e9die\t\t\t\t\t<\/a>\n\t\t\t\t<\/div>\n\t\t\t\t\t\t\t<\/div>\n\t\t<\/div>\n\t\t\t\t<\/div>\n\t\t\t\t<\/div>\n\t\t\t\t<div class=\"elementor-element elementor-element-7882a5f6 elementor-position-left elementor-tablet-position-top elementor-mobile-position-left elementor-widget-tablet__width-initial elementor-view-default elementor-vertical-align-top elementor-widget elementor-widget-icon-box\" data-id=\"7882a5f6\" data-element_type=\"widget\" data-widget_type=\"icon-box.default\">\n\t\t\t\t<div class=\"elementor-widget-container\">\n\t\t\t\t\t<div class=\"elementor-icon-box-wrapper\">\n\t\t\t\t\t\t<div class=\"elementor-icon-box-icon\">\n\t\t\t\t<a class=\"elementor-icon elementor-animation-\" href=\"\/Restauration-par-implants-dentaires\/\">\n\t\t\t\t<i aria-hidden=\"true\" class=\"fas fa-check-circle\"><\/i>\t\t\t\t<\/a>\n\t\t\t<\/div>\n\t\t\t\t\t\t<div class=\"elementor-icon-box-content\">\n\t\t\t\t<div class=\"elementor-icon-box-title\">\n\t\t\t\t\t<a href=\"\/Restauration-par-implants-dentaires\/\" >\n\t\t\t\t\t\tRestauration par implants dentaires\t\t\t\t\t<\/a>\n\t\t\t\t<\/div>\n\t\t\t\t\t\t\t<\/div>\n\t\t<\/div>\n\t\t\t\t<\/div>\n\t\t\t\t<\/div>\n\t\t\t\t<div class=\"elementor-element elementor-element-48a2a5db elementor-position-left elementor-tablet-position-top elementor-mobile-position-left elementor-widget-tablet__width-initial elementor-view-default elementor-vertical-align-top elementor-widget elementor-widget-icon-box\" data-id=\"48a2a5db\" data-element_type=\"widget\" data-widget_type=\"icon-box.default\">\n\t\t\t\t<div class=\"elementor-widget-container\">\n\t\t\t\t\t<div class=\"elementor-icon-box-wrapper\">\n\t\t\t\t\t\t<div class=\"elementor-icon-box-icon\">\n\t\t\t\t<a class=\"elementor-icon elementor-animation-\" href=\"\/Couronnes\/\">\n\t\t\t\t<i aria-hidden=\"true\" class=\"fas fa-check-circle\"><\/i>\t\t\t\t<\/a>\n\t\t\t<\/div>\n\t\t\t\t\t\t<div class=\"elementor-icon-box-content\">\n\t\t\t\t<div class=\"elementor-icon-box-title\">\n\t\t\t\t\t<a href=\"\/Couronnes\/\" >\n\t\t\t\t\t\tCouronnes\t\t\t\t\t<\/a>\n\t\t\t\t<\/div>\n\t\t\t\t\t\t\t<\/div>\n\t\t<\/div>\n\t\t\t\t<\/div>\n\t\t\t\t<\/div>\n\t\t\t\t<div class=\"elementor-element elementor-element-1bea979d elementor-position-left elementor-tablet-position-top elementor-mobile-position-left elementor-widget-tablet__width-initial elementor-view-default elementor-vertical-align-top elementor-widget elementor-widget-icon-box\" data-id=\"1bea979d\" data-element_type=\"widget\" data-widget_type=\"icon-box.default\">\n\t\t\t\t<div class=\"elementor-widget-container\">\n\t\t\t\t\t<div class=\"elementor-icon-box-wrapper\">\n\t\t\t\t\t\t<div class=\"elementor-icon-box-icon\">\n\t\t\t\t<a class=\"elementor-icon elementor-animation-\" href=\"\/traitement-de-canal\/\">\n\t\t\t\t<i aria-hidden=\"true\" class=\"fas fa-check-circle\"><\/i>\t\t\t\t<\/a>\n\t\t\t<\/div>\n\t\t\t\t\t\t<div class=\"elementor-icon-box-content\">\n\t\t\t\t<div class=\"elementor-icon-box-title\">\n\t\t\t\t\t<a href=\"\/traitement-de-canal\/\" >\n\t\t\t\t\t\tTraitement de canal\t\t\t\t\t<\/a>\n\t\t\t\t<\/div>\n\t\t\t\t\t\t\t<\/div>\n\t\t<\/div>\n\t\t\t\t<\/div>\n\t\t\t\t<\/div>\n\t\t\t\t\t<\/div>\n\t\t<\/div>\n\t\t\t\t\t\t\t<\/div>\n\t\t<\/section>\n\t\t\t\t\t<\/div>\n\t\t<\/div>\n\t\t\t\t\t\t\t<\/div>\n\t\t<\/section>\n\t\t\t\t\t\t\t<\/div>\n\t\t","protected":false},"excerpt":{"rendered":"<p>Technologies CEREC\u00a9 CEREC\u00a9 CEREC\u00a9 par Sirona Dental Systems est le seul syst\u00e8me au monde pour la fabrication de toutes les restaurations dentaires en c\u00e9ramique en une seule visite au cabinet. Avec CEREC\u00a9 \u00e0 nos c\u00f4t\u00e9s, vous pouvez entrer et ressortir en une seule visite avec une couronne permanente, tout en c\u00e9ramique, une proth\u00e8se extrins\u00e8que ou [&hellip;]<\/p>\n","protected":false},"author":1,"featured_media":0,"parent":0,"menu_order":0,"comment_status":"closed","ping_status":"closed","template":"elementor_header_footer","meta":{"footnotes":""},"class_list":["post-639","page","type-page","status-publish","hentry"],"yoast_head":"<!-- This site is optimized with the Yoast SEO plugin v21.5 - https:\/\/yoast.com\/wordpress\/plugins\/seo\/ -->\n<title>CEREC\u00a9 - Dental Montreal<\/title>\n<meta name=\"robots\" content=\"index, follow, max-snippet:-1, max-image-preview:large, max-video-preview:-1\" \/>\n<link rel=\"canonical\" href=\"https:\/\/dentalmontreal.com\/cerec\/\" \/>\n<meta property=\"og:locale\" content=\"en_US\" \/>\n<meta property=\"og:type\" content=\"article\" \/>\n<meta property=\"og:title\" content=\"CEREC\u00a9 - Dental Montreal\" \/>\n<meta property=\"og:description\" content=\"Technologies CEREC\u00a9 CEREC\u00a9 CEREC\u00a9 par Sirona Dental Systems est le seul syst\u00e8me au monde pour la fabrication de toutes les restaurations dentaires en c\u00e9ramique en une seule visite au cabinet. Avec CEREC\u00a9 \u00e0 nos c\u00f4t\u00e9s, vous pouvez entrer et ressortir en une seule visite avec une couronne permanente, tout en c\u00e9ramique, une proth\u00e8se extrins\u00e8que ou [&hellip;]\" \/>\n<meta property=\"og:url\" content=\"https:\/\/dentalmontreal.com\/cerec\/\" \/>\n<meta property=\"og:site_name\" content=\"Dental Montreal\" \/>\n<meta property=\"article:modified_time\" content=\"2023-11-13T12:48:13+00:00\" \/>\n<meta name=\"twitter:card\" content=\"summary_large_image\" \/>\n<meta name=\"twitter:label1\" content=\"Est. reading time\" \/>\n\t<meta name=\"twitter:data1\" content=\"3 minutes\" \/>\n<script type=\"application\/ld+json\" class=\"yoast-schema-graph\">{\"@context\":\"https:\/\/schema.org\",\"@graph\":[{\"@type\":\"WebPage\",\"@id\":\"https:\/\/dentalmontreal.com\/cerec\/\",\"url\":\"https:\/\/dentalmontreal.com\/cerec\/\",\"name\":\"CEREC\u00a9 - Dental Montreal\",\"isPartOf\":{\"@id\":\"https:\/\/dentalmontreal.com\/#website\"},\"datePublished\":\"2023-08-30T14:26:45+00:00\",\"dateModified\":\"2023-11-13T12:48:13+00:00\",\"breadcrumb\":{\"@id\":\"https:\/\/dentalmontreal.com\/cerec\/#breadcrumb\"},\"inLanguage\":\"en-US\",\"potentialAction\":[{\"@type\":\"ReadAction\",\"target\":[\"https:\/\/dentalmontreal.com\/cerec\/\"]}]},{\"@type\":\"BreadcrumbList\",\"@id\":\"https:\/\/dentalmontreal.com\/cerec\/#breadcrumb\",\"itemListElement\":[{\"@type\":\"ListItem\",\"position\":1,\"name\":\"Home\",\"item\":\"https:\/\/dentalmontreal.com\/en\/\"},{\"@type\":\"ListItem\",\"position\":2,\"name\":\"CEREC\u00a9\"}]},{\"@type\":\"WebSite\",\"@id\":\"https:\/\/dentalmontreal.com\/#website\",\"url\":\"https:\/\/dentalmontreal.com\/\",\"name\":\"Dental Montreal\",\"description\":\"\",\"potentialAction\":[{\"@type\":\"SearchAction\",\"target\":{\"@type\":\"EntryPoint\",\"urlTemplate\":\"https:\/\/dentalmontreal.com\/?s={search_term_string}\"},\"query-input\":\"required name=search_term_string\"}],\"inLanguage\":\"en-US\"}]}<\/script>\n<!-- \/ Yoast SEO plugin. -->","yoast_head_json":{"title":"CEREC\u00a9 - Dental Montreal","robots":{"index":"index","follow":"follow","max-snippet":"max-snippet:-1","max-image-preview":"max-image-preview:large","max-video-preview":"max-video-preview:-1"},"canonical":"https:\/\/dentalmontreal.com\/cerec\/","og_locale":"en_US","og_type":"article","og_title":"CEREC\u00a9 - Dental Montreal","og_description":"Technologies CEREC\u00a9 CEREC\u00a9 CEREC\u00a9 par Sirona Dental Systems est le seul syst\u00e8me au monde pour la fabrication de toutes les restaurations dentaires en c\u00e9ramique en une seule visite au cabinet. Avec CEREC\u00a9 \u00e0 nos c\u00f4t\u00e9s, vous pouvez entrer et ressortir en une seule visite avec une couronne permanente, tout en c\u00e9ramique, une proth\u00e8se extrins\u00e8que ou [&hellip;]","og_url":"https:\/\/dentalmontreal.com\/cerec\/","og_site_name":"Dental Montreal","article_modified_time":"2023-11-13T12:48:13+00:00","twitter_card":"summary_large_image","twitter_misc":{"Est. reading time":"3 minutes"},"schema":{"@context":"https:\/\/schema.org","@graph":[{"@type":"WebPage","@id":"https:\/\/dentalmontreal.com\/cerec\/","url":"https:\/\/dentalmontreal.com\/cerec\/","name":"CEREC\u00a9 - Dental Montreal","isPartOf":{"@id":"https:\/\/dentalmontreal.com\/#website"},"datePublished":"2023-08-30T14:26:45+00:00","dateModified":"2023-11-13T12:48:13+00:00","breadcrumb":{"@id":"https:\/\/dentalmontreal.com\/cerec\/#breadcrumb"},"inLanguage":"en-US","potentialAction":[{"@type":"ReadAction","target":["https:\/\/dentalmontreal.com\/cerec\/"]}]},{"@type":"BreadcrumbList","@id":"https:\/\/dentalmontreal.com\/cerec\/#breadcrumb","itemListElement":[{"@type":"ListItem","position":1,"name":"Home","item":"https:\/\/dentalmontreal.com\/en\/"},{"@type":"ListItem","position":2,"name":"CEREC\u00a9"}]},{"@type":"WebSite","@id":"https:\/\/dentalmontreal.com\/#website","url":"https:\/\/dentalmontreal.com\/","name":"Dental Montreal","description":"","potentialAction":[{"@type":"SearchAction","target":{"@type":"EntryPoint","urlTemplate":"https:\/\/dentalmontreal.com\/?s={search_term_string}"},"query-input":"required name=search_term_string"}],"inLanguage":"en-US"}]}},"_links":{"self":[{"href":"https:\/\/dentalmontreal.com\/en\/wp-json\/wp\/v2\/pages\/639","targetHints":{"allow":["GET"]}}],"collection":[{"href":"https:\/\/dentalmontreal.com\/en\/wp-json\/wp\/v2\/pages"}],"about":[{"href":"https:\/\/dentalmontreal.com\/en\/wp-json\/wp\/v2\/types\/page"}],"author":[{"embeddable":true,"href":"https:\/\/dentalmontreal.com\/en\/wp-json\/wp\/v2\/users\/1"}],"replies":[{"embeddable":true,"href":"https:\/\/dentalmontreal.com\/en\/wp-json\/wp\/v2\/comments?post=639"}],"version-history":[{"count":6,"href":"https:\/\/dentalmontreal.com\/en\/wp-json\/wp\/v2\/pages\/639\/revisions"}],"predecessor-version":[{"id":1265,"href":"https:\/\/dentalmontreal.com\/en\/wp-json\/wp\/v2\/pages\/639\/revisions\/1265"}],"wp:attachment":[{"href":"https:\/\/dentalmontreal.com\/en\/wp-json\/wp\/v2\/media?parent=639"}],"curies":[{"name":"wp","href":"https:\/\/api.w.org\/{rel}","templated":true}]}}