{"id":1005,"date":"2023-08-17T18:35:25","date_gmt":"2023-08-17T18:35:25","guid":{"rendered":"http:\/\/dentalmontreal.com\/blanchiment-des-dents\/"},"modified":"2023-11-13T12:47:37","modified_gmt":"2023-11-13T12:47:37","slug":"blanchiment-des-dents","status":"publish","type":"page","link":"https:\/\/dentalmontreal.com\/en\/blanchiment-des-dents\/","title":{"rendered":"Blanchiment des dents"},"content":{"rendered":"\t\t<div data-elementor-type=\"wp-page\" data-elementor-id=\"1005\" class=\"elementor elementor-1005 elementor-208\" data-elementor-post-type=\"page\">\n\t\t\t\t\t\t\t\t\t<section class=\"elementor-section elementor-top-section elementor-element elementor-element-f7c44f3 elementor-section-boxed elementor-section-height-default elementor-section-height-default\" data-id=\"f7c44f3\" data-element_type=\"section\" data-settings=\"{&quot;background_background&quot;:&quot;gradient&quot;}\">\n\t\t\t\t\t\t\t<div class=\"elementor-background-overlay\"><\/div>\n\t\t\t\t\t\t\t<div class=\"elementor-container elementor-column-gap-default\">\n\t\t\t\t\t<div class=\"elementor-column elementor-col-100 elementor-top-column elementor-element elementor-element-13fc1805\" data-id=\"13fc1805\" data-element_type=\"column\">\n\t\t\t<div class=\"elementor-widget-wrap elementor-element-populated\">\n\t\t\t\t\t\t\t\t<div class=\"elementor-element elementor-element-2b9dbc79 elementor-widget__width-auto elementor-widget elementor-widget-heading\" data-id=\"2b9dbc79\" data-element_type=\"widget\" data-widget_type=\"heading.default\">\n\t\t\t\t<div class=\"elementor-widget-container\">\n\t\t\t<style>\/*! elementor - v3.14.0 - 26-06-2023 *\/\n.elementor-heading-title{padding:0;margin:0;line-height:1}.elementor-widget-heading .elementor-heading-title[class*=elementor-size-]>a{color:inherit;font-size:inherit;line-height:inherit}.elementor-widget-heading .elementor-heading-title.elementor-size-small{font-size:15px}.elementor-widget-heading .elementor-heading-title.elementor-size-medium{font-size:19px}.elementor-widget-heading .elementor-heading-title.elementor-size-large{font-size:29px}.elementor-widget-heading .elementor-heading-title.elementor-size-xl{font-size:39px}.elementor-widget-heading .elementor-heading-title.elementor-size-xxl{font-size:59px}<\/style><h6 class=\"elementor-heading-title elementor-size-default\">Blanchiment des dents\n<\/h6>\t\t<\/div>\n\t\t\t\t<\/div>\n\t\t\t\t<div class=\"elementor-element elementor-element-6d003c27 elementor-widget__width-initial elementor-widget elementor-widget-heading\" data-id=\"6d003c27\" data-element_type=\"widget\" data-widget_type=\"heading.default\">\n\t\t\t\t<div class=\"elementor-widget-container\">\n\t\t\t<h1 class=\"elementor-heading-title elementor-size-default\">Service de Blanchiment des dents\n<\/h1>\t\t<\/div>\n\t\t\t\t<\/div>\n\t\t\t\t<div class=\"elementor-element elementor-element-63387d2 elementor-widget elementor-widget-text-editor\" data-id=\"63387d2\" data-element_type=\"widget\" data-widget_type=\"text-editor.default\">\n\t\t\t\t<div class=\"elementor-widget-container\">\n\t\t\t<style>\/*! elementor - v3.14.0 - 26-06-2023 *\/\n.elementor-widget-text-editor.elementor-drop-cap-view-stacked .elementor-drop-cap{background-color:#69727d;color:#fff}.elementor-widget-text-editor.elementor-drop-cap-view-framed .elementor-drop-cap{color:#69727d;border:3px solid;background-color:transparent}.elementor-widget-text-editor:not(.elementor-drop-cap-view-default) .elementor-drop-cap{margin-top:8px}.elementor-widget-text-editor:not(.elementor-drop-cap-view-default) .elementor-drop-cap-letter{width:1em;height:1em}.elementor-widget-text-editor .elementor-drop-cap{float:left;text-align:center;line-height:1;font-size:50px}.elementor-widget-text-editor .elementor-drop-cap-letter{display:inline-block}<\/style>\t\t\t\t\t\t\t\t\t\t<\/div>\n\t\t\t\t<\/div>\n\t\t\t\t\t<\/div>\n\t\t<\/div>\n\t\t\t\t\t\t\t<\/div>\n\t\t<\/section>\n\t\t\t\t<section class=\"elementor-section elementor-top-section elementor-element elementor-element-6d3b12aa elementor-section-boxed elementor-section-height-default elementor-section-height-default\" data-id=\"6d3b12aa\" data-element_type=\"section\" data-settings=\"{&quot;background_background&quot;:&quot;classic&quot;}\">\n\t\t\t\t\t\t\t<div class=\"elementor-background-overlay\"><\/div>\n\t\t\t\t\t\t\t<div class=\"elementor-container elementor-column-gap-default\">\n\t\t\t\t\t<div class=\"elementor-column elementor-col-50 elementor-top-column elementor-element elementor-element-4349f0b5\" data-id=\"4349f0b5\" data-element_type=\"column\">\n\t\t\t<div class=\"elementor-widget-wrap elementor-element-populated\">\n\t\t\t\t\t\t\t\t<div class=\"elementor-element elementor-element-1861347b elementor-widget elementor-widget-heading\" data-id=\"1861347b\" data-element_type=\"widget\" data-widget_type=\"heading.default\">\n\t\t\t\t<div class=\"elementor-widget-container\">\n\t\t\t<h3 class=\"elementor-heading-title elementor-size-default\">Le blanchiment des dents<\/h3>\t\t<\/div>\n\t\t\t\t<\/div>\n\t\t\t\t<div class=\"elementor-element elementor-element-5a2fcc98 elementor-widget elementor-widget-text-editor\" data-id=\"5a2fcc98\" data-element_type=\"widget\" data-widget_type=\"text-editor.default\">\n\t\t\t\t<div class=\"elementor-widget-container\">\n\t\t\t\t\t\t\t<p>Vous aimeriez avoir un plus beau sourire et le rendre plus blanc, car des taches dentaires vous g\u00eanent, qu&#8217;elles soient caus\u00e9es par le th\u00e9 ou le caf\u00e9, en passant par les boissons gazeuses ou le tabac. Dans ce cas, vous serez heureux d&#8217;apprendre que Dental Montreal peut vous venir en aide. Notre cabinet propose diff\u00e9rentes solutions professionnelles de blanchiment des dents, dont la trousse personnalis\u00e9e.<\/p><p>Si votre dentition rev\u00eat un aspect terne, ou que vous \u00eates pr\u00eat \u00e0 vous d\u00e9barrasser des taches qui ravagent votre sourire depuis trop longtemps, communiquez avec nous aujourd&#8217;hui pour obtenir une consultation.<\/p>\t\t\t\t\t\t<\/div>\n\t\t\t\t<\/div>\n\t\t\t\t<section class=\"elementor-section elementor-inner-section elementor-element elementor-element-0e5da2a elementor-section-boxed elementor-section-height-default elementor-section-height-default\" data-id=\"0e5da2a\" data-element_type=\"section\">\n\t\t\t\t\t\t<div class=\"elementor-container elementor-column-gap-default\">\n\t\t\t\t\t<div class=\"elementor-column elementor-col-100 elementor-inner-column elementor-element elementor-element-701f04e\" data-id=\"701f04e\" data-element_type=\"column\">\n\t\t\t<div class=\"elementor-widget-wrap elementor-element-populated\">\n\t\t\t\t\t\t\t\t<div class=\"elementor-element elementor-element-465a51c elementor-widget elementor-widget-image\" data-id=\"465a51c\" data-element_type=\"widget\" data-widget_type=\"image.default\">\n\t\t\t\t<div class=\"elementor-widget-container\">\n\t\t\t<style>\/*! elementor - v3.14.0 - 26-06-2023 *\/\n.elementor-widget-image{text-align:center}.elementor-widget-image a{display:inline-block}.elementor-widget-image a img[src$=\".svg\"]{width:48px}.elementor-widget-image img{vertical-align:middle;display:inline-block}<\/style>\t\t\t\t\t\t\t\t\t\t\t\t<img loading=\"lazy\" decoding=\"async\" width=\"800\" height=\"534\" src=\"https:\/\/dentalmontreal.com\/wp-content\/uploads\/2023\/08\/Untitled-design-12-1024x684.jpg\" class=\"attachment-large size-large wp-image-714\" alt=\"\" srcset=\"https:\/\/dentalmontreal.com\/wp-content\/uploads\/2023\/08\/Untitled-design-12-1024x684.jpg 1024w, https:\/\/dentalmontreal.com\/wp-content\/uploads\/2023\/08\/Untitled-design-12-300x200.jpg 300w, https:\/\/dentalmontreal.com\/wp-content\/uploads\/2023\/08\/Untitled-design-12-768x513.jpg 768w, https:\/\/dentalmontreal.com\/wp-content\/uploads\/2023\/08\/Untitled-design-12.jpg 1080w\" sizes=\"auto, (max-width: 800px) 100vw, 800px\" \/>\t\t\t\t\t\t\t\t\t\t\t\t\t\t\t<\/div>\n\t\t\t\t<\/div>\n\t\t\t\t\t<\/div>\n\t\t<\/div>\n\t\t\t\t\t\t\t<\/div>\n\t\t<\/section>\n\t\t\t\t<section class=\"elementor-section elementor-inner-section elementor-element elementor-element-12eaa2d elementor-section-boxed elementor-section-height-default elementor-section-height-default\" data-id=\"12eaa2d\" data-element_type=\"section\">\n\t\t\t\t\t\t<div class=\"elementor-container elementor-column-gap-default\">\n\t\t\t\t\t<div class=\"elementor-column elementor-col-100 elementor-inner-column elementor-element elementor-element-c6c4a81\" data-id=\"c6c4a81\" data-element_type=\"column\">\n\t\t\t<div class=\"elementor-widget-wrap\">\n\t\t\t\t\t\t\t\t\t<\/div>\n\t\t<\/div>\n\t\t\t\t\t\t\t<\/div>\n\t\t<\/section>\n\t\t\t\t\t<\/div>\n\t\t<\/div>\n\t\t\t\t<div class=\"elementor-column elementor-col-50 elementor-top-column elementor-element elementor-element-461dc3b\" data-id=\"461dc3b\" data-element_type=\"column\">\n\t\t\t<div class=\"elementor-widget-wrap elementor-element-populated\">\n\t\t\t\t\t\t\t\t<section class=\"elementor-section elementor-inner-section elementor-element elementor-element-1fd3c1e0 elementor-section-boxed elementor-section-height-default elementor-section-height-default\" data-id=\"1fd3c1e0\" data-element_type=\"section\" data-settings=\"{&quot;background_background&quot;:&quot;classic&quot;}\">\n\t\t\t\t\t\t<div class=\"elementor-container elementor-column-gap-default\">\n\t\t\t\t\t<div class=\"elementor-column elementor-col-100 elementor-inner-column elementor-element elementor-element-29f6da80\" data-id=\"29f6da80\" data-element_type=\"column\">\n\t\t\t<div class=\"elementor-widget-wrap elementor-element-populated\">\n\t\t\t\t\t\t\t\t<div class=\"elementor-element elementor-element-2628e4e9 elementor-widget elementor-widget-heading\" data-id=\"2628e4e9\" data-element_type=\"widget\" data-widget_type=\"heading.default\">\n\t\t\t\t<div class=\"elementor-widget-container\">\n\t\t\t<h4 class=\"elementor-heading-title elementor-size-default\">Autres Services<\/h4>\t\t<\/div>\n\t\t\t\t<\/div>\n\t\t\t\t<div class=\"elementor-element elementor-element-38e1c9d7 elementor-widget elementor-widget-spacer\" data-id=\"38e1c9d7\" data-element_type=\"widget\" data-widget_type=\"spacer.default\">\n\t\t\t\t<div class=\"elementor-widget-container\">\n\t\t\t<style>\/*! elementor - v3.14.0 - 26-06-2023 *\/\n.elementor-column .elementor-spacer-inner{height:var(--spacer-size)}.e-con{--container-widget-width:100%}.e-con-inner>.elementor-widget-spacer,.e-con>.elementor-widget-spacer{width:var(--container-widget-width,var(--spacer-size));--align-self:var(--container-widget-align-self,initial);--flex-shrink:0}.e-con-inner>.elementor-widget-spacer>.elementor-widget-container,.e-con-inner>.elementor-widget-spacer>.elementor-widget-container>.elementor-spacer,.e-con>.elementor-widget-spacer>.elementor-widget-container,.e-con>.elementor-widget-spacer>.elementor-widget-container>.elementor-spacer{height:100%}.e-con-inner>.elementor-widget-spacer>.elementor-widget-container>.elementor-spacer>.elementor-spacer-inner,.e-con>.elementor-widget-spacer>.elementor-widget-container>.elementor-spacer>.elementor-spacer-inner{height:var(--container-widget-height,var(--spacer-size))}<\/style>\t\t<div class=\"elementor-spacer\">\n\t\t\t<div class=\"elementor-spacer-inner\"><\/div>\n\t\t<\/div>\n\t\t\t\t<\/div>\n\t\t\t\t<\/div>\n\t\t\t\t<div class=\"elementor-element elementor-element-2c1568c elementor-position-left elementor-tablet-position-top elementor-mobile-position-left elementor-widget-tablet__width-initial elementor-view-default elementor-vertical-align-top elementor-widget elementor-widget-icon-box\" data-id=\"2c1568c\" data-element_type=\"widget\" data-widget_type=\"icon-box.default\">\n\t\t\t\t<div class=\"elementor-widget-container\">\n\t\t\t<link rel=\"stylesheet\" href=\"https:\/\/dentalmontreal.com\/wp-content\/plugins\/elementor\/assets\/css\/widget-icon-box.min.css\">\t\t<div class=\"elementor-icon-box-wrapper\">\n\t\t\t\t\t\t<div class=\"elementor-icon-box-icon\">\n\t\t\t\t<a class=\"elementor-icon elementor-animation-\" href=\"\/blanchiment-des-dents\/\">\n\t\t\t\t<i aria-hidden=\"true\" class=\"fas fa-check-circle\"><\/i>\t\t\t\t<\/a>\n\t\t\t<\/div>\n\t\t\t\t\t\t<div class=\"elementor-icon-box-content\">\n\t\t\t\t<div class=\"elementor-icon-box-title\">\n\t\t\t\t\t<a href=\"\/blanchiment-des-dents\/\" >\n\t\t\t\t\t\tBlanchiment des dents\t\t\t\t\t<\/a>\n\t\t\t\t<\/div>\n\t\t\t\t\t\t\t<\/div>\n\t\t<\/div>\n\t\t\t\t<\/div>\n\t\t\t\t<\/div>\n\t\t\t\t<div class=\"elementor-element elementor-element-3acdb5a4 elementor-position-left elementor-tablet-position-top elementor-mobile-position-left elementor-widget-tablet__width-initial elementor-view-default elementor-vertical-align-top elementor-widget elementor-widget-icon-box\" data-id=\"3acdb5a4\" data-element_type=\"widget\" data-widget_type=\"icon-box.default\">\n\t\t\t\t<div class=\"elementor-widget-container\">\n\t\t\t\t\t<div class=\"elementor-icon-box-wrapper\">\n\t\t\t\t\t\t<div class=\"elementor-icon-box-icon\">\n\t\t\t\t<a class=\"elementor-icon elementor-animation-\" href=\"\/appareils-orthodontiques-invisibles\/\">\n\t\t\t\t<i aria-hidden=\"true\" class=\"fas fa-check-circle\"><\/i>\t\t\t\t<\/a>\n\t\t\t<\/div>\n\t\t\t\t\t\t<div class=\"elementor-icon-box-content\">\n\t\t\t\t<div class=\"elementor-icon-box-title\">\n\t\t\t\t\t<a href=\"\/appareils-orthodontiques-invisibles\/\" >\n\t\t\t\t\t\tAppareils orthodontiques invisibles\t\t\t\t\t<\/a>\n\t\t\t\t<\/div>\n\t\t\t\t\t\t\t<\/div>\n\t\t<\/div>\n\t\t\t\t<\/div>\n\t\t\t\t<\/div>\n\t\t\t\t<div class=\"elementor-element elementor-element-4ca5712b elementor-position-left elementor-tablet-position-top elementor-mobile-position-left elementor-widget-tablet__width-initial elementor-view-default elementor-vertical-align-top elementor-widget elementor-widget-icon-box\" data-id=\"4ca5712b\" data-element_type=\"widget\" data-widget_type=\"icon-box.default\">\n\t\t\t\t<div class=\"elementor-widget-container\">\n\t\t\t\t\t<div class=\"elementor-icon-box-wrapper\">\n\t\t\t\t\t\t<div class=\"elementor-icon-box-icon\">\n\t\t\t\t<a class=\"elementor-icon elementor-animation-\" href=\"\/Orthodontie-et-orthopedie\/\">\n\t\t\t\t<i aria-hidden=\"true\" class=\"fas fa-check-circle\"><\/i>\t\t\t\t<\/a>\n\t\t\t<\/div>\n\t\t\t\t\t\t<div class=\"elementor-icon-box-content\">\n\t\t\t\t<div class=\"elementor-icon-box-title\">\n\t\t\t\t\t<a href=\"\/Orthodontie-et-orthopedie\/\" >\n\t\t\t\t\t\tOrthodontie et orthop\u00e9die\t\t\t\t\t<\/a>\n\t\t\t\t<\/div>\n\t\t\t\t\t\t\t<\/div>\n\t\t<\/div>\n\t\t\t\t<\/div>\n\t\t\t\t<\/div>\n\t\t\t\t<div class=\"elementor-element elementor-element-7882a5f6 elementor-position-left elementor-tablet-position-top elementor-mobile-position-left elementor-widget-tablet__width-initial elementor-view-default elementor-vertical-align-top elementor-widget elementor-widget-icon-box\" data-id=\"7882a5f6\" data-element_type=\"widget\" data-widget_type=\"icon-box.default\">\n\t\t\t\t<div class=\"elementor-widget-container\">\n\t\t\t\t\t<div class=\"elementor-icon-box-wrapper\">\n\t\t\t\t\t\t<div class=\"elementor-icon-box-icon\">\n\t\t\t\t<a class=\"elementor-icon elementor-animation-\" href=\"\/Restauration-par-implants-dentaires\/\">\n\t\t\t\t<i aria-hidden=\"true\" class=\"fas fa-check-circle\"><\/i>\t\t\t\t<\/a>\n\t\t\t<\/div>\n\t\t\t\t\t\t<div class=\"elementor-icon-box-content\">\n\t\t\t\t<div class=\"elementor-icon-box-title\">\n\t\t\t\t\t<a href=\"\/Restauration-par-implants-dentaires\/\" >\n\t\t\t\t\t\tRestauration par implants dentaires\t\t\t\t\t<\/a>\n\t\t\t\t<\/div>\n\t\t\t\t\t\t\t<\/div>\n\t\t<\/div>\n\t\t\t\t<\/div>\n\t\t\t\t<\/div>\n\t\t\t\t<div class=\"elementor-element elementor-element-48a2a5db elementor-position-left elementor-tablet-position-top elementor-mobile-position-left elementor-widget-tablet__width-initial elementor-view-default elementor-vertical-align-top elementor-widget elementor-widget-icon-box\" data-id=\"48a2a5db\" data-element_type=\"widget\" data-widget_type=\"icon-box.default\">\n\t\t\t\t<div class=\"elementor-widget-container\">\n\t\t\t\t\t<div class=\"elementor-icon-box-wrapper\">\n\t\t\t\t\t\t<div class=\"elementor-icon-box-icon\">\n\t\t\t\t<a class=\"elementor-icon elementor-animation-\" href=\"\/Couronnes\/\">\n\t\t\t\t<i aria-hidden=\"true\" class=\"fas fa-check-circle\"><\/i>\t\t\t\t<\/a>\n\t\t\t<\/div>\n\t\t\t\t\t\t<div class=\"elementor-icon-box-content\">\n\t\t\t\t<div class=\"elementor-icon-box-title\">\n\t\t\t\t\t<a href=\"\/Couronnes\/\" >\n\t\t\t\t\t\tCouronnes\t\t\t\t\t<\/a>\n\t\t\t\t<\/div>\n\t\t\t\t\t\t\t<\/div>\n\t\t<\/div>\n\t\t\t\t<\/div>\n\t\t\t\t<\/div>\n\t\t\t\t<div class=\"elementor-element elementor-element-1bea979d elementor-position-left elementor-tablet-position-top elementor-mobile-position-left elementor-widget-tablet__width-initial elementor-view-default elementor-vertical-align-top elementor-widget elementor-widget-icon-box\" data-id=\"1bea979d\" data-element_type=\"widget\" data-widget_type=\"icon-box.default\">\n\t\t\t\t<div class=\"elementor-widget-container\">\n\t\t\t\t\t<div class=\"elementor-icon-box-wrapper\">\n\t\t\t\t\t\t<div class=\"elementor-icon-box-icon\">\n\t\t\t\t<a class=\"elementor-icon elementor-animation-\" href=\"\/traitement-de-canal\/\">\n\t\t\t\t<i aria-hidden=\"true\" class=\"fas fa-check-circle\"><\/i>\t\t\t\t<\/a>\n\t\t\t<\/div>\n\t\t\t\t\t\t<div class=\"elementor-icon-box-content\">\n\t\t\t\t<div class=\"elementor-icon-box-title\">\n\t\t\t\t\t<a href=\"\/traitement-de-canal\/\" >\n\t\t\t\t\t\tTraitement de canal\t\t\t\t\t<\/a>\n\t\t\t\t<\/div>\n\t\t\t\t\t\t\t<\/div>\n\t\t<\/div>\n\t\t\t\t<\/div>\n\t\t\t\t<\/div>\n\t\t\t\t\t<\/div>\n\t\t<\/div>\n\t\t\t\t\t\t\t<\/div>\n\t\t<\/section>\n\t\t\t\t\t<\/div>\n\t\t<\/div>\n\t\t\t\t\t\t\t<\/div>\n\t\t<\/section>\n\t\t\t\t\t\t\t<\/div>\n\t\t","protected":false},"excerpt":{"rendered":"<p>Blanchiment des dents Service de Blanchiment des dents Le blanchiment des dents Vous aimeriez avoir un plus beau sourire et le rendre plus blanc, car des taches dentaires vous g\u00eanent, qu&#8217;elles soient caus\u00e9es par le th\u00e9 ou le caf\u00e9, en passant par les boissons gazeuses ou le tabac. Dans ce cas, vous serez heureux d&#8217;apprendre [&hellip;]<\/p>\n","protected":false},"author":1,"featured_media":0,"parent":0,"menu_order":0,"comment_status":"closed","ping_status":"closed","template":"elementor_header_footer","meta":{"footnotes":""},"class_list":["post-1005","page","type-page","status-publish","hentry"],"yoast_head":"<!-- This site is optimized with the Yoast SEO plugin v21.5 - https:\/\/yoast.com\/wordpress\/plugins\/seo\/ -->\n<title>Blanchiment des dents - Dental Montreal<\/title>\n<meta name=\"robots\" content=\"index, follow, max-snippet:-1, max-image-preview:large, max-video-preview:-1\" \/>\n<link rel=\"canonical\" href=\"https:\/\/dentalmontreal.com\/blanchiment-des-dents\/\" \/>\n<meta property=\"og:locale\" content=\"en_US\" \/>\n<meta property=\"og:type\" content=\"article\" \/>\n<meta property=\"og:title\" content=\"Blanchiment des dents - Dental Montreal\" \/>\n<meta property=\"og:description\" content=\"Blanchiment des dents Service de Blanchiment des dents Le blanchiment des dents Vous aimeriez avoir un plus beau sourire et le rendre plus blanc, car des taches dentaires vous g\u00eanent, qu&#8217;elles soient caus\u00e9es par le th\u00e9 ou le caf\u00e9, en passant par les boissons gazeuses ou le tabac. Dans ce cas, vous serez heureux d&#8217;apprendre [&hellip;]\" \/>\n<meta property=\"og:url\" content=\"https:\/\/dentalmontreal.com\/blanchiment-des-dents\/\" \/>\n<meta property=\"og:site_name\" content=\"Dental Montreal\" \/>\n<meta property=\"article:modified_time\" content=\"2023-11-13T12:47:37+00:00\" \/>\n<meta property=\"og:image\" content=\"http:\/\/dentalmontreal.com\/wp-content\/uploads\/2023\/08\/Untitled-design-12-1024x684.jpg\" \/>\n<meta name=\"twitter:card\" content=\"summary_large_image\" \/>\n<meta name=\"twitter:label1\" content=\"Est. reading time\" \/>\n\t<meta name=\"twitter:data1\" content=\"2 minutes\" \/>\n<script type=\"application\/ld+json\" class=\"yoast-schema-graph\">{\"@context\":\"https:\/\/schema.org\",\"@graph\":[{\"@type\":\"WebPage\",\"@id\":\"https:\/\/dentalmontreal.com\/blanchiment-des-dents\/\",\"url\":\"https:\/\/dentalmontreal.com\/blanchiment-des-dents\/\",\"name\":\"Blanchiment des dents - Dental Montreal\",\"isPartOf\":{\"@id\":\"https:\/\/dentalmontreal.com\/#website\"},\"datePublished\":\"2023-08-17T18:35:25+00:00\",\"dateModified\":\"2023-11-13T12:47:37+00:00\",\"breadcrumb\":{\"@id\":\"https:\/\/dentalmontreal.com\/blanchiment-des-dents\/#breadcrumb\"},\"inLanguage\":\"en-US\",\"potentialAction\":[{\"@type\":\"ReadAction\",\"target\":[\"https:\/\/dentalmontreal.com\/blanchiment-des-dents\/\"]}]},{\"@type\":\"BreadcrumbList\",\"@id\":\"https:\/\/dentalmontreal.com\/blanchiment-des-dents\/#breadcrumb\",\"itemListElement\":[{\"@type\":\"ListItem\",\"position\":1,\"name\":\"Home\",\"item\":\"https:\/\/dentalmontreal.com\/en\/\"},{\"@type\":\"ListItem\",\"position\":2,\"name\":\"Blanchiment des dents\"}]},{\"@type\":\"WebSite\",\"@id\":\"https:\/\/dentalmontreal.com\/#website\",\"url\":\"https:\/\/dentalmontreal.com\/\",\"name\":\"Dental Montreal\",\"description\":\"\",\"potentialAction\":[{\"@type\":\"SearchAction\",\"target\":{\"@type\":\"EntryPoint\",\"urlTemplate\":\"https:\/\/dentalmontreal.com\/?s={search_term_string}\"},\"query-input\":\"required name=search_term_string\"}],\"inLanguage\":\"en-US\"}]}<\/script>\n<!-- \/ Yoast SEO plugin. -->","yoast_head_json":{"title":"Blanchiment des dents - Dental Montreal","robots":{"index":"index","follow":"follow","max-snippet":"max-snippet:-1","max-image-preview":"max-image-preview:large","max-video-preview":"max-video-preview:-1"},"canonical":"https:\/\/dentalmontreal.com\/blanchiment-des-dents\/","og_locale":"en_US","og_type":"article","og_title":"Blanchiment des dents - Dental Montreal","og_description":"Blanchiment des dents Service de Blanchiment des dents Le blanchiment des dents Vous aimeriez avoir un plus beau sourire et le rendre plus blanc, car des taches dentaires vous g\u00eanent, qu&#8217;elles soient caus\u00e9es par le th\u00e9 ou le caf\u00e9, en passant par les boissons gazeuses ou le tabac. Dans ce cas, vous serez heureux d&#8217;apprendre [&hellip;]","og_url":"https:\/\/dentalmontreal.com\/blanchiment-des-dents\/","og_site_name":"Dental Montreal","article_modified_time":"2023-11-13T12:47:37+00:00","og_image":[{"url":"http:\/\/dentalmontreal.com\/wp-content\/uploads\/2023\/08\/Untitled-design-12-1024x684.jpg"}],"twitter_card":"summary_large_image","twitter_misc":{"Est. reading time":"2 minutes"},"schema":{"@context":"https:\/\/schema.org","@graph":[{"@type":"WebPage","@id":"https:\/\/dentalmontreal.com\/blanchiment-des-dents\/","url":"https:\/\/dentalmontreal.com\/blanchiment-des-dents\/","name":"Blanchiment des dents - Dental Montreal","isPartOf":{"@id":"https:\/\/dentalmontreal.com\/#website"},"datePublished":"2023-08-17T18:35:25+00:00","dateModified":"2023-11-13T12:47:37+00:00","breadcrumb":{"@id":"https:\/\/dentalmontreal.com\/blanchiment-des-dents\/#breadcrumb"},"inLanguage":"en-US","potentialAction":[{"@type":"ReadAction","target":["https:\/\/dentalmontreal.com\/blanchiment-des-dents\/"]}]},{"@type":"BreadcrumbList","@id":"https:\/\/dentalmontreal.com\/blanchiment-des-dents\/#breadcrumb","itemListElement":[{"@type":"ListItem","position":1,"name":"Home","item":"https:\/\/dentalmontreal.com\/en\/"},{"@type":"ListItem","position":2,"name":"Blanchiment des dents"}]},{"@type":"WebSite","@id":"https:\/\/dentalmontreal.com\/#website","url":"https:\/\/dentalmontreal.com\/","name":"Dental Montreal","description":"","potentialAction":[{"@type":"SearchAction","target":{"@type":"EntryPoint","urlTemplate":"https:\/\/dentalmontreal.com\/?s={search_term_string}"},"query-input":"required name=search_term_string"}],"inLanguage":"en-US"}]}},"_links":{"self":[{"href":"https:\/\/dentalmontreal.com\/en\/wp-json\/wp\/v2\/pages\/1005","targetHints":{"allow":["GET"]}}],"collection":[{"href":"https:\/\/dentalmontreal.com\/en\/wp-json\/wp\/v2\/pages"}],"about":[{"href":"https:\/\/dentalmontreal.com\/en\/wp-json\/wp\/v2\/types\/page"}],"author":[{"embeddable":true,"href":"https:\/\/dentalmontreal.com\/en\/wp-json\/wp\/v2\/users\/1"}],"replies":[{"embeddable":true,"href":"https:\/\/dentalmontreal.com\/en\/wp-json\/wp\/v2\/comments?post=1005"}],"version-history":[{"count":6,"href":"https:\/\/dentalmontreal.com\/en\/wp-json\/wp\/v2\/pages\/1005\/revisions"}],"predecessor-version":[{"id":1259,"href":"https:\/\/dentalmontreal.com\/en\/wp-json\/wp\/v2\/pages\/1005\/revisions\/1259"}],"wp:attachment":[{"href":"https:\/\/dentalmontreal.com\/en\/wp-json\/wp\/v2\/media?parent=1005"}],"curies":[{"name":"wp","href":"https:\/\/api.w.org\/{rel}","templated":true}]}}